{"id":419,"date":"2023-06-02T13:58:05","date_gmt":"2023-06-02T11:58:05","guid":{"rendered":"https:\/\/spinshotsport.com\/osszehasonlito-tablazat\/"},"modified":"2023-08-17T14:47:12","modified_gmt":"2023-08-17T12:47:12","slug":"osszehasonlito-tablazat","status":"publish","type":"page","link":"https:\/\/spinshotsport.com\/hu\/osszehasonlito-tablazat\/","title":{"rendered":"\u00d6sszehasonl\u00edt\u00f3 t\u00e1bl\u00e1zat"},"content":{"rendered":"","protected":false},"excerpt":{"rendered":"","protected":false},"author":1,"featured_media":391,"parent":0,"menu_order":0,"comment_status":"open","ping_status":"closed","template":"","meta":[],"_links":{"self":[{"href":"https:\/\/spinshotsport.com\/hu\/wp-json\/wp\/v2\/pages\/419"}],"collection":[{"href":"https:\/\/spinshotsport.com\/hu\/wp-json\/wp\/v2\/pages"}],"about":[{"href":"https:\/\/spinshotsport.com\/hu\/wp-json\/wp\/v2\/types\/page"}],"author":[{"embeddable":true,"href":"https:\/\/spinshotsport.com\/hu\/wp-json\/wp\/v2\/users\/1"}],"replies":[{"embeddable":true,"href":"https:\/\/spinshotsport.com\/hu\/wp-json\/wp\/v2\/comments?post=419"}],"version-history":[{"count":1,"href":"https:\/\/spinshotsport.com\/hu\/wp-json\/wp\/v2\/pages\/419\/revisions"}],"predecessor-version":[{"id":422,"href":"https:\/\/spinshotsport.com\/hu\/wp-json\/wp\/v2\/pages\/419\/revisions\/422"}],"wp:featuredmedia":[{"embeddable":true,"href":"https:\/\/spinshotsport.com\/hu\/wp-json\/wp\/v2\/media\/391"}],"wp:attachment":[{"href":"https:\/\/spinshotsport.com\/hu\/wp-json\/wp\/v2\/media?parent=419"}],"curies":[{"name":"wp","href":"https:\/\/api.w.org\/{rel}","templated":true}]}}